{"id":12,"date":"2012-10-11T12:18:14","date_gmt":"2012-10-11T10:18:14","guid":{"rendered":"http:\/\/www.bthed.com\/antimobbingman\/wordpress\/?page_id=12"},"modified":"2023-04-05T21:32:40","modified_gmt":"2023-04-05T19:32:40","slug":"2-2","status":"publish","type":"page","link":"http:\/\/antimobbingman.com\/?page_id=12","title":{"rendered":"Was ist Mobbing?"},"content":{"rendered":"<p><span style=\"color: #bdd34e;\"><strong>Mobbing &#8211; Gei\u00dfel unserer heutigen Gesellschaft?<\/strong><\/span><br \/>\n<span style=\"color: #bdd34e;\"> <strong>Die Pest der zwischenmenschlichen Kommunikation!<\/strong><\/span><\/p>\n<p>Anfang der 90&#8217;er wurde der Begriff durch Prof. Dr. Dr. Leymann aus Schweden nach<br \/>\nDeutschland gebracht und es etablierten sich seine Thesen.<\/p>\n<p><em>\u201eMobbing oder Psychoterror am Arbeitsplatz liegt vor, wenn eine Person von einer oder<br \/>\nmehreren operativ beschriebenen Handlungen betroffen ist, und zwar mindestens<br \/>\neinmal die Woche \u00fcber einen Zeitraum l\u00e4nger als ein halbes Jahr.\u201c<\/em><br \/>\nProf. Dr. Dr. Leymann<\/p>\n<p><span style=\"color: #bdd34e;\"><strong>M\u00f6glicher Ausl\u00f6ser f\u00fcr Mobbing?<\/strong><\/span><br \/>\n<span style=\"color: #bdd34e;\"> <strong>Der N.E.H.M.-Faktor:<\/strong><\/span><\/p>\n<p><strong>Neid.<\/strong><\/p>\n<p>Ein unbewu\u00dftes Aussprechen \u00fcber eigene finanzielle Situationen, pers\u00f6nlichen Status oder beruflichen Erfolg, kann jemanden dazu bringen, der nicht in so einer zufriedenen Situation ist neidisch zu werden. Aus dieser Lage heraus erscheint dem &#8222;NEIDISCHEN&#8220;\u00a0 eine negativ Ma\u00dfnahme seinem Gegen\u00fcber als gerechtfertigt.<\/p>\n<p><strong>Existens\u00e4ngste.<\/strong><\/p>\n<p>Arbeitsdruck, Personaleinsparungen und immer mehr Aufgaben, das Auffangen von kranken Mitarbeitern\/innen und das scheinbare ICH kann gar nicht mehr so arbeiten wie fr\u00fcher bzw. die Furcht die j\u00fcngeren Kollegen\/innen wollen meinen Arbeitsplatz, k\u00f6nnen zu Existens\u00e4ngsten f\u00fchren.<\/p>\n<p><strong>Harmlose Interaktionen.<\/strong><\/p>\n<p>Ein harmloser Schlag auf den Hinterkopf, oder ein kleiner Knuff\u00a0 im vorbeigehen, f\u00fcr den Verursacher vielleicht lustig, f\u00fcr denjenigen der es abbekommt und sich nicht traut etwas zu sagen eine schlimme Handlung. Der Verursacher macht so bald er merkt, das keine Gegenwehr kommt, weiter und erfreut sich an der Hilflosigkeit seines &#8222;Opfers&#8220;. Angespornt hiervon, sp\u00fcrt er die Macht die er aus\u00fcben kann.<\/p>\n<p><strong>Macht.<\/strong><\/p>\n<p>Eine erlebte Macht\u00a0 z.b.aus harmlosen Interaktionen oder aus einer hierachischen Position kann zu gew\u00fcnschten Machtlosigkeit\/Hilflosigkeit des Betroffenen f\u00fchren.<\/p>\n<p><span style=\"color: #bdd34e;\"><strong>Arten von Mobbing:<\/strong><\/span><\/p>\n<p><strong>Verbal<\/strong><br \/>\n<span style=\"color: #bdd34e;\">\u25cf<\/span> <em>Beschimpfen, Verunglimpfen<br \/>\n<\/em><\/p>\n<p style=\"text-align: justify;\"><strong>Zerst\u00f6rend\/Manipulation<\/strong><br \/>\n<span style=\"color: #bdd34e;\">\u25cf<\/span> <em>Software auf PC l\u00f6schen, Falscheintragungen in Akten (um Fehler vorzut\u00e4uschen)<br \/>\n<\/em><\/p>\n<p><strong>Sexuelle Bel\u00e4stigung<\/strong><br \/>\n<span style=\"color: #bdd34e;\">\u25cf<\/span> <em>Verbaler Art (obz\u00f6ne Anspielungen), K\u00f6rperlich (anfasssen)<br \/>\n<\/em><\/p>\n<p><strong>K\u00f6rperlich<\/strong><br \/>\n<span style=\"color: #bdd34e;\">\u25cf<\/span> <em>Schlagen<br \/>\n<\/em><\/p>\n<p><strong>Psychisch<\/strong><br \/>\n<span style=\"color: #bdd34e;\">\u25cf<\/span> <em>Eine Krankheit unter<\/em>stellen, jemanden unter Druck setzen, Einsch\u00fcchterungen<\/p>\n<p><span style=\"color: #bdd34e;\"><strong>Warum wird Mobbing geduldet?<\/strong><\/span><\/p>\n<p>Mobbing erscheint gerechtfertigt und hat einen Unterhaltungswert. Mangelnde Zivilcourage bzw.\u00a0die Angst selbst ins Kreuzfeuer zu geraten erschweren den Kampf gegen Mobbing!<\/p>\n","protected":false},"excerpt":{"rendered":"<p>Mobbing &#8211; Gei\u00dfel unserer heutigen Gesellschaft? Die Pest der zwischenmenschlichen Kommunikation! Anfang der 90&#8217;er wurde der Begriff durch Prof. Dr. Dr. Leymann aus Schweden nach Deutschland gebracht und es etablierten sich seine Thesen. \u201eMobbing oder Psychoterror am Arbeitsplatz liegt vor, &hellip; <a href=\"http:\/\/antimobbingman.com\/?page_id=12\">Weiterlesen <span class=\"meta-nav\">&rarr;<\/span><\/a><\/p>\n","protected":false},"author":1,"featured_media":0,"parent":0,"menu_order":0,"comment_status":"closed","ping_status":"closed","template":"page-fullwidth.php","meta":[],"_links":{"self":[{"href":"http:\/\/antimobbingman.com\/index.php?rest_route=\/wp\/v2\/pages\/12"}],"collection":[{"href":"http:\/\/antimobbingman.com\/index.php?rest_route=\/wp\/v2\/pages"}],"about":[{"href":"http:\/\/antimobbingman.com\/index.php?rest_route=\/wp\/v2\/types\/page"}],"author":[{"embeddable":true,"href":"http:\/\/antimobbingman.com\/index.php?rest_route=\/wp\/v2\/users\/1"}],"replies":[{"embeddable":true,"href":"http:\/\/antimobbingman.com\/index.php?rest_route=%2Fwp%2Fv2%2Fcomments&post=12"}],"version-history":[{"count":28,"href":"http:\/\/antimobbingman.com\/index.php?rest_route=\/wp\/v2\/pages\/12\/revisions"}],"predecessor-version":[{"id":347,"href":"http:\/\/antimobbingman.com\/index.php?rest_route=\/wp\/v2\/pages\/12\/revisions\/347"}],"wp:attachment":[{"href":"http:\/\/antimobbingman.com\/index.php?rest_route=%2Fwp%2Fv2%2Fmedia&parent=12"}],"curies":[{"name":"wp","href":"https:\/\/api.w.org\/{rel}","templated":true}]}}