{"id":14,"date":"2012-10-11T12:18:24","date_gmt":"2012-10-11T10:18:24","guid":{"rendered":"http:\/\/www.bthed.com\/antimobbingman\/wordpress\/?page_id=14"},"modified":"2013-10-01T16:28:48","modified_gmt":"2013-10-01T14:28:48","slug":"3-2","status":"publish","type":"page","link":"http:\/\/antimobbingman.com\/?page_id=14","title":{"rendered":"Pr\u00e4vention"},"content":{"rendered":"<p><strong><span style=\"text-decoration: underline;\">Pr\u00e4vention ist die Vorbeugung!<\/span><\/strong><\/p>\n<p>Eine st\u00f6rungsfreie Kommunikation ist die beste Voraussetzung nicht in die Mobbingfalle zu geraten. In der heutigen Zeit gestaltet sich die einfachste Sache der Welt jedoch oft schwierig.\u00a0 Die unter dem <span style=\"color: #bdd34e;\"><strong>NEHM-Faktor<\/strong> <\/span>aufgelisteten M\u00f6glichkeiten entstehen oft und sind miteinander verzahnt also l\u00f6sen sich teils auch gegenseitig aus.<\/p>\n<p>Ein falscher Blick, eine Bemerkung oder eine nicht gew\u00fcnschte Dienstt\u00e4tigkeit und schon haben wir jemanden sprichw\u00f6rtlich auf den &#8222;Schlips&#8220; getreten. W\u00fcrde in dieser Situtation sogleich eine Kl\u00e4rung des meist bestehenden Mi\u00dfverst\u00e4ndnisses erfolgen, w\u00e4re alles in Ordnung&#8230;<\/p>\n<p>Doch da gibt es den Sender und Empf\u00e4nger, versteht mein Gegen\u00fcber wirklich was ich gesagt habe oder wie will er es verstehen. Steht er selber unter Stress, ist er mit seinen Gedanken ganz woanders. Kommunikation w\u00fcrde dieses kl\u00e4ren.<\/p>\n<p>&nbsp;<\/p>\n<p>&nbsp;<\/p>\n<p>&nbsp;<\/p>\n","protected":false},"excerpt":{"rendered":"<p>Pr\u00e4vention ist die Vorbeugung! Eine st\u00f6rungsfreie Kommunikation ist die beste Voraussetzung nicht in die Mobbingfalle zu geraten. In der heutigen Zeit gestaltet sich die einfachste Sache der Welt jedoch oft schwierig.\u00a0 Die unter dem NEHM-Faktor aufgelisteten M\u00f6glichkeiten entstehen oft und &hellip; <a href=\"http:\/\/antimobbingman.com\/?page_id=14\">Weiterlesen <span class=\"meta-nav\">&rarr;<\/span><\/a><\/p>\n","protected":false},"author":1,"featured_media":0,"parent":0,"menu_order":0,"comment_status":"closed","ping_status":"closed","template":"page-fullwidth.php","meta":[],"_links":{"self":[{"href":"http:\/\/antimobbingman.com\/index.php?rest_route=\/wp\/v2\/pages\/14"}],"collection":[{"href":"http:\/\/antimobbingman.com\/index.php?rest_route=\/wp\/v2\/pages"}],"about":[{"href":"http:\/\/antimobbingman.com\/index.php?rest_route=\/wp\/v2\/types\/page"}],"author":[{"embeddable":true,"href":"http:\/\/antimobbingman.com\/index.php?rest_route=\/wp\/v2\/users\/1"}],"replies":[{"embeddable":true,"href":"http:\/\/antimobbingman.com\/index.php?rest_route=%2Fwp%2Fv2%2Fcomments&post=14"}],"version-history":[{"count":10,"href":"http:\/\/antimobbingman.com\/index.php?rest_route=\/wp\/v2\/pages\/14\/revisions"}],"predecessor-version":[{"id":300,"href":"http:\/\/antimobbingman.com\/index.php?rest_route=\/wp\/v2\/pages\/14\/revisions\/300"}],"wp:attachment":[{"href":"http:\/\/antimobbingman.com\/index.php?rest_route=%2Fwp%2Fv2%2Fmedia&parent=14"}],"curies":[{"name":"wp","href":"https:\/\/api.w.org\/{rel}","templated":true}]}}