{"id":6,"date":"2012-10-11T12:01:37","date_gmt":"2012-10-11T10:01:37","guid":{"rendered":"http:\/\/www.bthed.com\/antimobbingman\/wordpress\/?page_id=6"},"modified":"2023-04-05T21:30:50","modified_gmt":"2023-04-05T19:30:50","slug":"mobbing","status":"publish","type":"page","link":"http:\/\/antimobbingman.com\/?page_id=6","title":{"rendered":"Wer ist der ANTIMOBBINGMAN?"},"content":{"rendered":"<p><strong><span style=\"color: #bdd34e;\">R\u00fcdiger Thamm alias der ANTIMOBBINGMAN<\/span><\/strong><\/p>\n<p><img decoding=\"async\" loading=\"lazy\" class=\"alignnone size-full wp-image-231\" src=\"http:\/\/antimobbingman.com\/wp-content\/uploads\/2013\/07\/mobbingman_kl.jpg\" alt=\"mobbingman_kl\" width=\"276\" height=\"399\" srcset=\"http:\/\/antimobbingman.com\/wp-content\/uploads\/2013\/07\/mobbingman_kl.jpg 276w, http:\/\/antimobbingman.com\/wp-content\/uploads\/2013\/07\/mobbingman_kl-207x300.jpg 207w\" sizes=\"(max-width: 276px) 100vw, 276px\" \/><\/p>\n<p align=\"left\">Hallo hier ist der <strong><span style=\"color: #bdd34e;\">ANTIMOBBINGMAN<\/span><\/strong>!<\/p>\n<p align=\"left\">Ich begr\u00fc\u00dfe Sie auf meiner Seite, ich hoffe ich kann Ihnen mittels meiner Website schon ein bisschen weiterhelfen. Auf den folgenden Seiten k\u00f6nnen Sie alles \u00fcber Mobb\u2026. halt, halt stop noch nicht weiterschauen oder lesen.<\/p>\n<p align=\"left\">Ich m\u00f6chte mich erst mal kurz vorstellen. Mein Name lautet nat\u00fcrlich nicht <strong><span style=\"color: #bdd34e;\">ANTIMOBBINGMAN<\/span><\/strong>, sondern R\u00fcdiger Thamm. 1962er Baujahr, also schon etliche Kilometer runter, aber dank Sport noch fit.<\/p>\n<p align=\"left\">Nach meinem Realschulabschluss in meinem jetzigen Wohnort Eckernf\u00f6rde und dem Besuch einer Handelsschule in Kiel, fing ich 1980 bis 1983 im Krankenhaus eine Lehre als Krankenpfleger an. Mobbing war zu dem Zeitpunkt noch kein Thema. Auch die anschlie\u00dfende Bundeswehrzeit verbrachte ich ohne Schwierigkeiten. In meinem Lehrkrankenhaus in Eckernf\u00f6rde zur\u00fcckgekehrt, verbrachte ich einige Jahre ohne mir \u00fcber den Begriff Mobbing Gedanken machen zu m\u00fcssen.<\/p>\n<p align=\"left\">Doch wie es manchmal so ist, passierte mir Jahre sp\u00e4ter, dass sich in meinem Arbeitsbereich manche Dinge sehr komisch entwickelten. Ich bekam es mit Mobbing zu tun, und zwar nicht als Zuschauer oder schlimmer noch als Verursacher, nein es entwickelte sich schleichend f\u00fcr mich als Betroffener. Die Anf\u00e4nge bemerkte ich erst nicht, doch wusste ich, es stimmt irgendetwas nicht an meinem Arbeitsplatz.<\/p>\n<p align=\"left\">Dieser Zustand dauerte \u00fcber 4 Monate, lie\u00df sich nicht beheben (aus Gr\u00fcnden die ich hier nicht ver\u00f6ffentlichen kann), resigniert wechselte ich die Station. Das Wort Mobbing gab es damals noch gar nicht so richtig vertreten in Deutschland. Die Hilfe die ich mir damals dazugeholt hatte, um die Situation zu kl\u00e4ren, entpuppte sich leider als nicht sehr probleml\u00f6sungsorientiert. Kurze Zeit sp\u00e4ter lie\u00df ich mich mit f\u00fcr den Betriebsrat aufstellen, um mich f\u00fcr meine Kolleginnen und Kollegen einzusetzen. 2005 und 2006 nahm ich an Fortbildungen teil, die mich seit dem bef\u00e4higen, bei Mobbingf\u00e4llen die Betroffenen zu beraten und L\u00f6sungswege aufzuzeigen.<\/p>\n<p align=\"left\">Durch von mir durchgef\u00fchrte Mobbinginfoveranstaltungen (siehe auch den Link) wird die Sensibilit\u00e4t der Mitarbeiter gef\u00f6rdert, um einerseits richtig miteinander zu kommunzieren und andererseits St\u00f6rungen im Arbeitsalltag rechtzeitig zu erkennen und\/oder zu verhindern.<\/p>\n<p align=\"left\">So nun k\u00f6nnen Sie weiterschaun, wenn Sie Hilfe brauchen wenden Sie sich bitte per E-Mail an mich, ich werde mich schnellstm\u00f6glich bei Ihnen melden.<\/p>\n<p>\u00a0Ihr <strong><span style=\"color: #bdd34e;\">ANTIMOBBINGMAN<\/span><\/strong><\/p>\n","protected":false},"excerpt":{"rendered":"<p>R\u00fcdiger Thamm alias der ANTIMOBBINGMAN Hallo hier ist der ANTIMOBBINGMAN! Ich begr\u00fc\u00dfe Sie auf meiner Seite, ich hoffe ich kann Ihnen mittels meiner Website schon ein bisschen weiterhelfen. Auf den folgenden Seiten k\u00f6nnen Sie alles \u00fcber Mobb\u2026. halt, halt stop &hellip; <a href=\"http:\/\/antimobbingman.com\/?page_id=6\">Weiterlesen <span class=\"meta-nav\">&rarr;<\/span><\/a><\/p>\n","protected":false},"author":1,"featured_media":0,"parent":0,"menu_order":0,"comment_status":"closed","ping_status":"closed","template":"page-fullwidth.php","meta":[],"_links":{"self":[{"href":"http:\/\/antimobbingman.com\/index.php?rest_route=\/wp\/v2\/pages\/6"}],"collection":[{"href":"http:\/\/antimobbingman.com\/index.php?rest_route=\/wp\/v2\/pages"}],"about":[{"href":"http:\/\/antimobbingman.com\/index.php?rest_route=\/wp\/v2\/types\/page"}],"author":[{"embeddable":true,"href":"http:\/\/antimobbingman.com\/index.php?rest_route=\/wp\/v2\/users\/1"}],"replies":[{"embeddable":true,"href":"http:\/\/antimobbingman.com\/index.php?rest_route=%2Fwp%2Fv2%2Fcomments&post=6"}],"version-history":[{"count":4,"href":"http:\/\/antimobbingman.com\/index.php?rest_route=\/wp\/v2\/pages\/6\/revisions"}],"predecessor-version":[{"id":345,"href":"http:\/\/antimobbingman.com\/index.php?rest_route=\/wp\/v2\/pages\/6\/revisions\/345"}],"wp:attachment":[{"href":"http:\/\/antimobbingman.com\/index.php?rest_route=%2Fwp%2Fv2%2Fmedia&parent=6"}],"curies":[{"name":"wp","href":"https:\/\/api.w.org\/{rel}","templated":true}]}}