{"id":66,"date":"2012-10-12T14:24:41","date_gmt":"2012-10-12T12:24:41","guid":{"rendered":"http:\/\/www.bthed.com\/antimobbingman\/wordpress\/?page_id=66"},"modified":"2023-04-05T21:39:10","modified_gmt":"2023-04-05T19:39:10","slug":"startseite","status":"publish","type":"page","link":"http:\/\/antimobbingman.com\/","title":{"rendered":"Mobbing?"},"content":{"rendered":"<p>In der heutigen Zeit leider weit verbreitet, ein Makel der menschlichen Entwicklung.\u00a0Letzendlich eine massive St\u00f6rung der menschlichen Kommunikation ob bewu\u00dft gewollt, sich \u00fcber einen l\u00e4ngeren Proze\u00df entwickelt oder aus einer Gruppendynamik entstanden.<\/p>\n<p><a class=\"button\" href=\"http:\/\/antimobbingman.com\/?page_id=12\">Weiterlesen.. <\/a><\/p>\n<p><span style=\"color: #bdd34e;\"><strong>Antimobbingman?<\/strong><\/span><br \/>\n<em>Es ist schon klar gegen Mobbing zu sein&#8230;<\/em><\/p>\n<p>Anti hei\u00dft gegen das ist jedem bewu\u00dft.\u00a0Eine wirksame Bek\u00e4mpfung\/Pr\u00e4vention von Mobbing f\u00e4ngt an der Wurzel an. Bei einer st\u00f6rungsfreien Kommunikation ist die Chance in eine solch Konfliktsituation zu kommen sehr gering.<\/p>\n<p>Hier ist mein Ansatz.<\/p>\n<p><a class=\"button\" href=\"http:\/\/antimobbingman.com\/?page_id=6\">Weiterlesen.. <\/a><\/p>\n<p><span style=\"color: #bdd34e;\"><strong>Fragen?<\/strong><\/span><br \/>\n<em>Zu diesem Thema gibt es Hunderte von Fragen, also stellen Sie Ihre Fragen.<\/em><\/p>\n<p>In meiner Pr\u00e4ventionspr\u00e4sentation wird der Begriff\u00a0 Mobbing erl\u00e4utert, es wird gezeigt wie man es erkennen kann und M\u00f6glichkeiten sich zu wehren. Dar\u00fcber hinaus wird dargestellt die Vorgehensweise des Mobbingbeauftragten und nat\u00fcrllich die rechtliche Seite des Geschehens.<\/p>\n<p><a class=\"button\" href=\"http:\/\/antimobbingman.com\/?page_id=39\">Weiterlesen.. <\/a><\/p>\n","protected":false},"excerpt":{"rendered":"<p>In der heutigen Zeit leider weit verbreitet, ein Makel der menschlichen Entwicklung.\u00a0Letzendlich eine massive St\u00f6rung der menschlichen Kommunikation ob bewu\u00dft gewollt, sich \u00fcber einen l\u00e4ngeren Proze\u00df entwickelt oder aus einer Gruppendynamik entstanden. Weiterlesen.. Antimobbingman? Es ist schon klar gegen Mobbing &hellip; <a href=\"http:\/\/antimobbingman.com\/\">Weiterlesen <span class=\"meta-nav\">&rarr;<\/span><\/a><\/p>\n","protected":false},"author":1,"featured_media":0,"parent":0,"menu_order":0,"comment_status":"closed","ping_status":"closed","template":"page-fullwidth.php","meta":[],"_links":{"self":[{"href":"http:\/\/antimobbingman.com\/index.php?rest_route=\/wp\/v2\/pages\/66"}],"collection":[{"href":"http:\/\/antimobbingman.com\/index.php?rest_route=\/wp\/v2\/pages"}],"about":[{"href":"http:\/\/antimobbingman.com\/index.php?rest_route=\/wp\/v2\/types\/page"}],"author":[{"embeddable":true,"href":"http:\/\/antimobbingman.com\/index.php?rest_route=\/wp\/v2\/users\/1"}],"replies":[{"embeddable":true,"href":"http:\/\/antimobbingman.com\/index.php?rest_route=%2Fwp%2Fv2%2Fcomments&post=66"}],"version-history":[{"count":16,"href":"http:\/\/antimobbingman.com\/index.php?rest_route=\/wp\/v2\/pages\/66\/revisions"}],"predecessor-version":[{"id":352,"href":"http:\/\/antimobbingman.com\/index.php?rest_route=\/wp\/v2\/pages\/66\/revisions\/352"}],"wp:attachment":[{"href":"http:\/\/antimobbingman.com\/index.php?rest_route=%2Fwp%2Fv2%2Fmedia&parent=66"}],"curies":[{"name":"wp","href":"https:\/\/api.w.org\/{rel}","templated":true}]}}